{"id":2,"date":"2015-03-31T13:20:59","date_gmt":"2015-03-31T11:20:59","guid":{"rendered":"http:\/\/ageem21.fr\/?page_id=2"},"modified":"2026-01-21T12:44:13","modified_gmt":"2026-01-21T11:44:13","slug":"page-d-exemple","status":"publish","type":"page","link":"https:\/\/ageem21.fr\/?page_id=2","title":{"rendered":"Mentions l\u00e9gales"},"content":{"rendered":"<p>Nom de l&rsquo;Association :<\/p>\n<p>Association G\u00e9n\u00e9rale des Enseignants des Ecoles et classes Maternelles publiques<br \/>\nAGEEM Section 21<\/p>\n<p>Adresse : 5 rue du Petit Bernard<br \/>\n21000 DIJON<\/p>\n<p>T\u00e9l\u00e9phone : 03 80 41 23 53<\/p>\n<p>Responsable de la publication : Edith Esposito<\/p>\n<p>H\u00e9bergeur :<br \/>\nOVH<br \/>\n2 rue Kellermann &#8211; 59100 Roubaix &#8211; France<\/p>\n<p>Limite de responsabilit\u00e9 :<\/p>\n<p>Malgr\u00e9 un contr\u00f4le approfondi, nous ne sommes pas responsables des liens externes. Seuls les op\u00e9rateurs des sites externes sont responsables de leur propre site.<\/p>\n<p>Nous vous rappelons que vous disposez d&rsquo;un droit d&rsquo;acc\u00e8s, de modification, de rectification et de suppression des donn\u00e9es qui vous concernent (article 34 de la loi \u00ab\u00a0Informatique et Libert\u00e9s\u00a0\u00bb N\u00b0 78-17 du 6 janvier 1978).<br \/>\nPour exercer ce droit, adressez-vous par email \u00e0 : contact@ageem21.fr<\/p>\n","protected":false},"excerpt":{"rendered":"<p>Nom de l&rsquo;Association : Association G\u00e9n\u00e9rale des Enseignants des Ecoles et classes Maternelles publiques AGEEM Section 21 Adresse : 5 rue du Petit Bernard 21000 DIJON T\u00e9l\u00e9phone : 03 80 &hellip; <a href=\"https:\/\/ageem21.fr\/?page_id=2\" class=\"more-link\">Continuer la lecture de <span class=\"screen-reader-text\">Mentions l\u00e9gales<\/span>  <span class=\"meta-nav\">&rarr;<\/span><\/a><\/p>\n","protected":false},"author":1,"featured_media":0,"parent":0,"menu_order":0,"comment_status":"closed","ping_status":"closed","template":"","meta":{"footnotes":""},"class_list":["post-2","page","type-page","status-publish","hentry"],"_links":{"self":[{"href":"https:\/\/ageem21.fr\/index.php?rest_route=\/wp\/v2\/pages\/2","targetHints":{"allow":["GET"]}}],"collection":[{"href":"https:\/\/ageem21.fr\/index.php?rest_route=\/wp\/v2\/pages"}],"about":[{"href":"https:\/\/ageem21.fr\/index.php?rest_route=\/wp\/v2\/types\/page"}],"author":[{"embeddable":true,"href":"https:\/\/ageem21.fr\/index.php?rest_route=\/wp\/v2\/users\/1"}],"replies":[{"embeddable":true,"href":"https:\/\/ageem21.fr\/index.php?rest_route=%2Fwp%2Fv2%2Fcomments&post=2"}],"version-history":[{"count":5,"href":"https:\/\/ageem21.fr\/index.php?rest_route=\/wp\/v2\/pages\/2\/revisions"}],"predecessor-version":[{"id":4056,"href":"https:\/\/ageem21.fr\/index.php?rest_route=\/wp\/v2\/pages\/2\/revisions\/4056"}],"wp:attachment":[{"href":"https:\/\/ageem21.fr\/index.php?rest_route=%2Fwp%2Fv2%2Fmedia&parent=2"}],"curies":[{"name":"wp","href":"https:\/\/api.w.org\/{rel}","templated":true}]}}