{"id":1348,"date":"2019-09-27T11:58:04","date_gmt":"2019-09-27T09:58:04","guid":{"rendered":"http:\/\/ageem21.fr\/?page_id=1348"},"modified":"2026-05-06T19:51:44","modified_gmt":"2026-05-06T17:51:44","slug":"bienvenue","status":"publish","type":"page","link":"https:\/\/ageem21.fr\/","title":{"rendered":"Bienvenue"},"content":{"rendered":"\n<blockquote class=\"wp-block-quote is-layout-flow wp-block-quote-is-layout-flow\">\n<h1 class=\"wp-block-heading\"><mark style=\"background-color:rgba(0, 0, 0, 0);color:#66c7f2\" class=\"has-inline-color\">Notre blog vous pr\u00e9sente les actions men\u00e9es par les adh\u00e9rents AGEEM des maternelles de C\u00f4te d&rsquo;Or.<\/mark><\/h1>\n<\/blockquote>\n\n\n\n<div class=\"wp-block-columns is-layout-flex wp-container-core-columns-is-layout-9d6595d7 wp-block-columns-is-layout-flex\">\n<div class=\"wp-block-column is-layout-flow wp-block-column-is-layout-flow\">\n<p class=\"has-text-align-center\">Cliquez sur le bouton ci-contre <strong>pour tout retrouver en un clic<\/strong>!<br><em>(site national, espace abonn\u00e9, liste de mat\u00e9riel, formulaire Click and Collect, r\u00e9seaux sociau<\/em>x)<\/p>\n<\/div>\n\n\n\n<div class=\"wp-block-column is-vertically-aligned-center has-small-font-size is-layout-flow wp-block-column-is-layout-flow\">\n<div class=\"wp-block-buttons is-content-justification-center is-layout-flex wp-container-core-buttons-is-layout-16018d1d wp-block-buttons-is-layout-flex\">\n<div class=\"wp-block-button is-style-fill\"><a class=\"wp-block-button__link has-vivid-cyan-blue-to-vivid-purple-gradient-background has-background wp-element-button\" href=\"https:\/\/ladigitale.dev\/digibunch\/#\/b\/64ef315ee3da3\" target=\"_blank\" rel=\"noreferrer noopener\">Bouquet de liens<\/a><\/div>\n<\/div>\n<\/div>\n<\/div>\n\n\n\n<h2 class=\"wp-block-heading has-text-align-center\"><mark style=\"background-color:rgba(0, 0, 0, 0);color:#f333c3\" class=\"has-inline-color\">Notre prochain rendez-vous<\/mark><\/h2>\n\n\n<div class=\"wp-block-image\">\n<figure class=\"aligncenter size-large is-resized\"><a href=\"https:\/\/ageem21.fr\/?p=2300\" target=\"_blank\" rel=\" noreferrer noopener\"><img loading=\"lazy\" decoding=\"async\" width=\"1024\" height=\"1024\" src=\"https:\/\/ageem21.fr\/wp-content\/uploads\/2026\/03\/ageem-21-pedavrac-1024x1024.jpg\" alt=\"\" class=\"wp-image-4285\" style=\"width:479px;height:auto\" srcset=\"https:\/\/ageem21.fr\/wp-content\/uploads\/2026\/03\/ageem-21-pedavrac-1024x1024.jpg 1024w, https:\/\/ageem21.fr\/wp-content\/uploads\/2026\/03\/ageem-21-pedavrac-300x300.jpg 300w, https:\/\/ageem21.fr\/wp-content\/uploads\/2026\/03\/ageem-21-pedavrac-150x150.jpg 150w, https:\/\/ageem21.fr\/wp-content\/uploads\/2026\/03\/ageem-21-pedavrac-768x768.jpg 768w, https:\/\/ageem21.fr\/wp-content\/uploads\/2026\/03\/ageem-21-pedavrac-600x600.jpg 600w, https:\/\/ageem21.fr\/wp-content\/uploads\/2026\/03\/ageem-21-pedavrac.jpg 1080w\" sizes=\"auto, (max-width: 1024px) 100vw, 1024px\" \/><\/a><\/figure>\n<\/div>\n\n\n<h2 class=\"wp-block-heading has-text-align-center\"><mark style=\"background-color:rgba(0, 0, 0, 0);color:#f333c3\" class=\"has-inline-color\">Notre programme<\/mark><\/h2>\n\n\n<div class=\"wp-block-image\">\n<figure class=\"aligncenter size-large\"><img loading=\"lazy\" decoding=\"async\" width=\"1024\" height=\"1024\" src=\"https:\/\/ageem21.fr\/wp-content\/uploads\/2026\/03\/AGEEM-21-formaction-2025-26-1024x1024.png\" alt=\"\" class=\"wp-image-4288\" srcset=\"https:\/\/ageem21.fr\/wp-content\/uploads\/2026\/03\/AGEEM-21-formaction-2025-26-1024x1024.png 1024w, https:\/\/ageem21.fr\/wp-content\/uploads\/2026\/03\/AGEEM-21-formaction-2025-26-300x300.png 300w, https:\/\/ageem21.fr\/wp-content\/uploads\/2026\/03\/AGEEM-21-formaction-2025-26-150x150.png 150w, https:\/\/ageem21.fr\/wp-content\/uploads\/2026\/03\/AGEEM-21-formaction-2025-26-768x768.png 768w, https:\/\/ageem21.fr\/wp-content\/uploads\/2026\/03\/AGEEM-21-formaction-2025-26-600x600.png 600w, https:\/\/ageem21.fr\/wp-content\/uploads\/2026\/03\/AGEEM-21-formaction-2025-26.png 1080w\" sizes=\"auto, (max-width: 1024px) 100vw, 1024px\" \/><\/figure>\n<\/div>\n\n  \n  \n  <div class=\"\n    mailpoet_form_popup_overlay\n      \"><\/div>\n  <div\n    id=\"mailpoet_form_1\"\n    class=\"\n      mailpoet_form\n      mailpoet_form_shortcode\n      mailpoet_form_position_\n      mailpoet_form_animation_\n    \"\n      >\n\n    <style type=\"text\/css\">\n     #mailpoet_form_1 form.mailpoet_form { margin-bottom: 0; }\n#mailpoet_form_1 p.mailpoet_form_paragraph.last { margin-bottom: 0px; }\n#mailpoet_form_1 h1.mailpoet-heading { margin: 0 0 10px; }\n#mailpoet_form_1 .mailpoet_column_with_background { padding: 10px; }\n#mailpoet_form_1 .mailpoet_form_column:not(:first-child) { margin-left: 20px; }\n#mailpoet_form_1 .mailpoet_paragraph { line-height: 20px; margin-bottom: 20px; }\n#mailpoet_form_1 .mailpoet_segment_label, #mailpoet_form_1 .mailpoet_text_label, #mailpoet_form_1 .mailpoet_textarea_label, #mailpoet_form_1 .mailpoet_select_label, #mailpoet_form_1 .mailpoet_radio_label, #mailpoet_form_1 .mailpoet_checkbox_label, #mailpoet_form_1 .mailpoet_list_label, #mailpoet_form_1 .mailpoet_date_label { display: block; font-weight: normal; }\n#mailpoet_form_1 .mailpoet_text, #mailpoet_form_1 .mailpoet_textarea, #mailpoet_form_1 .mailpoet_select, #mailpoet_form_1 .mailpoet_date_month, #mailpoet_form_1 .mailpoet_date_day, #mailpoet_form_1 .mailpoet_date_year, #mailpoet_form_1 .mailpoet_date { display: block; }\n#mailpoet_form_1 .mailpoet_text, #mailpoet_form_1 .mailpoet_textarea { width: 200px; }\n#mailpoet_form_1 .mailpoet_checkbox {  }\n#mailpoet_form_1 .mailpoet_submit {  }\n#mailpoet_form_1 .mailpoet_divider {  }\n#mailpoet_form_1 .mailpoet_message {  }\n#mailpoet_form_1 .mailpoet_form_loading { width: 30px; text-align: center; line-height: normal; }\n#mailpoet_form_1 .mailpoet_form_loading > span { width: 5px; height: 5px; background-color: #5b5b5b; }#mailpoet_form_1{border: 0px solid #f7f7f7;border-radius: 0px;background: #ffffff;color: #313131;text-align: left;}#mailpoet_form_1 form.mailpoet_form {padding: 10px;}#mailpoet_form_1{width: 100%;}#mailpoet_form_1 .mailpoet_message {margin: 0; padding: 0 20px;}\n        #mailpoet_form_1 .mailpoet_validate_success {color: #00d084}\n        #mailpoet_form_1 input.parsley-success {color: #00d084}\n        #mailpoet_form_1 select.parsley-success {color: #00d084}\n        #mailpoet_form_1 textarea.parsley-success {color: #00d084}\n      \n        #mailpoet_form_1 .mailpoet_validate_error {color: #cf2e2e}\n        #mailpoet_form_1 input.parsley-error {color: #cf2e2e}\n        #mailpoet_form_1 select.parsley-error {color: #cf2e2e}\n        #mailpoet_form_1 textarea.textarea.parsley-error {color: #cf2e2e}\n        #mailpoet_form_1 .parsley-errors-list {color: #cf2e2e}\n        #mailpoet_form_1 .parsley-required {color: #cf2e2e}\n        #mailpoet_form_1 .parsley-custom-error-message {color: #cf2e2e}\n      #mailpoet_form_1 .mailpoet_paragraph.last {margin-bottom: 0} @media (max-width: 500px) {#mailpoet_form_1 {background: #ffffff;}} @media (min-width: 500px) {#mailpoet_form_1 .last .mailpoet_paragraph:last-child {margin-bottom: 0}}  @media (max-width: 500px) {#mailpoet_form_1 .mailpoet_form_column:last-child .mailpoet_paragraph:last-child {margin-bottom: 0}} \n    <\/style>\n\n    <form\n      target=\"_self\"\n      method=\"post\"\n      action=\"https:\/\/ageem21.fr\/wp-admin\/admin-post.php?action=mailpoet_subscription_form\"\n      class=\"mailpoet_form mailpoet_form_form mailpoet_form_shortcode\"\n      novalidate\n      data-delay=\"\"\n      data-exit-intent-enabled=\"\"\n      data-trigger-mode=\"\"\n      data-click-trigger-selector=\"\"\n      data-font-family=\"\"\n      data-cookie-expiration-time=\"\"\n    >\n      <input type=\"hidden\" name=\"data[form_id]\" value=\"1\" \/>\n      <input type=\"hidden\" name=\"token\" value=\"2010635691\" \/>\n      <input type=\"hidden\" name=\"api_version\" value=\"v1\" \/>\n      <input type=\"hidden\" name=\"endpoint\" value=\"subscribers\" \/>\n      <input type=\"hidden\" name=\"mailpoet_method\" value=\"subscribe\" \/>\n\n      <label class=\"mailpoet_hp_email_label\" style=\"display: none !important;\">Veuillez laisser ce champ vide<input type=\"email\" name=\"data[email]\"\/><\/label><p class=\"mailpoet_form_paragraph  mailpoet-has-font-size\" style=\"text-align: center; color: #313131; font-size: 20px\"><span style=\"font-family: Arial\" data-font=\"Arial\" class=\"mailpoet-has-font\">Abonnez-vous \u00e0 la newsletter pour recevoir les derniers articles d\u00e8s leur publication.<\/span><\/p>\n<div class='mailpoet_form_columns_container'><div class=\"mailpoet_form_columns mailpoet_paragraph mailpoet_stack_on_mobile\"><div class=\"mailpoet_form_column\" style=\"flex-basis:10%;\"><\/div>\n<div class=\"mailpoet_form_column\" style=\"flex-basis:40%;\"><div class=\"mailpoet_paragraph \"><style>input[name=\"data[form_field_MTcxNmJjNTI2OGNiX2VtYWls]\"]::placeholder{color:#abb8c3;opacity: 1;}<\/style><input type=\"email\" autocomplete=\"email\" class=\"mailpoet_text\" id=\"form_email_1\" name=\"data[form_field_MTcxNmJjNTI2OGNiX2VtYWls]\" title=\"Adresse e-mail\" value=\"\" style=\"width:100%;box-sizing:border-box;background-color:#eeeeee;border-style:solid;border-radius:8px !important;border-width:0px;border-color:#313131;padding:16px;margin: 0 auto 0 0;font-family:&#039;Arial&#039;;font-size:16px;line-height:1.5;height:auto;color:#abb8c3;\" data-automation-id=\"form_email\"  placeholder=\"Adresse e-mail *\" aria-label=\"Adresse e-mail *\" data-parsley-errors-container=\".mailpoet_error_1pwux\" data-parsley-required=\"true\" required aria-required=\"true\" data-parsley-minlength=\"6\" data-parsley-maxlength=\"150\" data-parsley-type-message=\"Cette valeur doit \u00eatre un e-mail valide.\" data-parsley-required-message=\"Ce champ est n\u00e9cessaire.\"\/><span class=\"mailpoet_error_1pwux\"><\/span><\/div>\n<\/div>\n<div class=\"mailpoet_form_column\" style=\"flex-basis:40%;\"><div class=\"mailpoet_paragraph \"><input type=\"submit\" class=\"mailpoet_submit\" value=\"Je m&#039;abonne.\" data-automation-id=\"subscribe-submit-button\" data-font-family='Arial' style=\"width:100%;box-sizing:border-box;background-color:#9b51e0;border-style:solid;border-radius:8px !important;border-width:0px;padding:16px;margin: 0 auto 0 0;font-family:&#039;Arial&#039;;font-size:16px;line-height:1.5;height:auto;color:#ffffff;border-color:transparent;font-weight:bold;\" \/><span class=\"mailpoet_form_loading\"><span class=\"mailpoet_bounce1\"><\/span><span class=\"mailpoet_bounce2\"><\/span><span class=\"mailpoet_bounce3\"><\/span><\/span><\/div>\n<\/div>\n<div class=\"mailpoet_form_column\" style=\"flex-basis:10%;\"><\/div>\n<\/div><\/div>\n<p class=\"mailpoet_form_paragraph  mailpoet-has-font-size\" style=\"text-align: center; font-size: 13px; line-height: 1.5\"><em><span style=\"font-family: Arial\" data-font=\"Arial\" class=\"mailpoet-has-font\">Nous ne spammons pas\u00a0! Consultez notre <a href=\"#\">politique de confidentialit\u00e9<\/a><\/span><\/em><\/p>\n\n      <div class=\"mailpoet_message\">\n        <p class=\"mailpoet_validate_success\"\n                style=\"display:none;\"\n                >V\u00e9rifiez votre boite de r\u00e9ception ou votre r\u00e9pertoire d\u2019ind\u00e9sirables pour confirmer votre abonnement.\n        <\/p>\n        <p class=\"mailpoet_validate_error\"\n                style=\"display:none;\"\n                >        <\/p>\n      <\/div>\n    <\/form>\n\n      <\/div>\n\n  \n","protected":false},"excerpt":{"rendered":"<p>Notre blog vous pr\u00e9sente les actions men\u00e9es par les adh\u00e9rents AGEEM des maternelles de C\u00f4te d&rsquo;Or. Cliquez sur le bouton ci-contre pour tout retrouver en un clic!(site national, espace abonn\u00e9, &hellip; <a href=\"https:\/\/ageem21.fr\/\" class=\"more-link\">Continuer la lecture de <span class=\"screen-reader-text\">Bienvenue<\/span>  <span class=\"meta-nav\">&rarr;<\/span><\/a><\/p>\n","protected":false},"author":1,"featured_media":0,"parent":0,"menu_order":0,"comment_status":"closed","ping_status":"closed","template":"","meta":{"footnotes":""},"class_list":["post-1348","page","type-page","status-publish","hentry"],"_links":{"self":[{"href":"https:\/\/ageem21.fr\/index.php?rest_route=\/wp\/v2\/pages\/1348","targetHints":{"allow":["GET"]}}],"collection":[{"href":"https:\/\/ageem21.fr\/index.php?rest_route=\/wp\/v2\/pages"}],"about":[{"href":"https:\/\/ageem21.fr\/index.php?rest_route=\/wp\/v2\/types\/page"}],"author":[{"embeddable":true,"href":"https:\/\/ageem21.fr\/index.php?rest_route=\/wp\/v2\/users\/1"}],"replies":[{"embeddable":true,"href":"https:\/\/ageem21.fr\/index.php?rest_route=%2Fwp%2Fv2%2Fcomments&post=1348"}],"version-history":[{"count":125,"href":"https:\/\/ageem21.fr\/index.php?rest_route=\/wp\/v2\/pages\/1348\/revisions"}],"predecessor-version":[{"id":4467,"href":"https:\/\/ageem21.fr\/index.php?rest_route=\/wp\/v2\/pages\/1348\/revisions\/4467"}],"wp:attachment":[{"href":"https:\/\/ageem21.fr\/index.php?rest_route=%2Fwp%2Fv2%2Fmedia&parent=1348"}],"curies":[{"name":"wp","href":"https:\/\/api.w.org\/{rel}","templated":true}]}}